{"id":10,"date":"2018-02-19T09:45:17","date_gmt":"2018-02-19T08:45:17","guid":{"rendered":"http:\/\/www.wp.artmapdesign.com\/livraison-retours\/"},"modified":"2023-07-31T12:54:23","modified_gmt":"2023-07-31T10:54:23","slug":"livraison-retours","status":"publish","type":"page","link":"https:\/\/www.artmapdesign.com\/en\/livraison-retours\/","title":{"rendered":"Livraison &#038; Retours"},"content":{"rendered":"<h3>Exp\u00e9dition de votre colis<\/h3>\n<p>Les colis sont g\u00e9n\u00e9ralement exp\u00e9di\u00e9s dans un d\u00e9lai de 1 \u00e0 2 jours ouvr\u00e9s apr\u00e8s r\u00e9ception du paiement. Quel que soit le mode de livraison choisi, nous vous envoyons un lien pour suivre votre colis en ligne.<\/p>\n<p>Les frais d&rsquo;exp\u00e9dition incluent les frais de pr\u00e9paration et d&#8217;emballage ainsi que les frais de port.<\/p>\n<p>Les dimensions des bo\u00eetes sont appropri\u00e9es et vos articles sont correctement prot\u00e9g\u00e9s.<\/p>\n<hr \/>\n<h3>Retours<\/h3>\n<p>Les acheteurs, personnes physiques non professionnelles, b\u00e9n\u00e9ficient d&rsquo;un d\u00e9lai de r\u00e9tractation de 14 jours \u00e0 compter de la livraison de leur commande pour faire retour du produit au vendeur pour \u00e9change ou remboursement hors frais de port.<\/p>\n<p>Pour le retour de produit, merci de nous contacter \u00e0 contact@artmapdesign.com pour obtenir les instructions de retour. Le client devra payer les frais de retour lors d\u2019une r\u00e9exp\u00e9dition sauf erreur de notre part.<\/p>\n<p>Un colis non r\u00e9clam\u00e9 chez un transporteur ne peut faire l&rsquo;objet d&rsquo;une r\u00e9tractation. Si le colis nous est retourn\u00e9 par le transporteur, nous pouvons soit vous le renvoyez \u00e0 vos frais, soit nous vous remboursons la commande.<\/p>\n<h5>Articles personnalis\u00e9s et articles t\u00e9l\u00e9charg\u00e9s<\/h5>\n<p>Compte tenu du caract\u00e8re unique et personnalis\u00e9 de l\u2019article personnalis\u00e9, celui-ci ne peut \u00eatre ni repris, ni \u00e9chang\u00e9 conform\u00e9ment \u00e0 l\u2019article L121-21-8 du Code de la consommation :<\/p>\n<p>\u00ab Le droit de r\u00e9tractation ne peut \u00eatre exerc\u00e9, pour les contrats : (\u2026) 3\u00b0 De fourniture de biens confectionn\u00e9s selon les sp\u00e9cifications du consommateur ou nettement personnalis\u00e9s \u2026 \u00bb.<\/p>\n<p>Il en r\u00e9sulte que vous n\u2019avez aucune facult\u00e9 d\u2019invoquer un quelconque droit de r\u00e9tractation. Aussi, nous vous recommandons de consacrer le temps et l\u2019attention n\u00e9cessaire \u00e0 la cr\u00e9ation de votre article.<\/p>","protected":false},"excerpt":{"rendered":"<p>Exp\u00e9dition de votre colis Les colis sont g\u00e9n\u00e9ralement exp\u00e9di\u00e9s dans un d\u00e9lai de 1 \u00e0 2 jours ouvr\u00e9s apr\u00e8s r\u00e9ception du paiement. Quel que soit le mode de livraison choisi,&hellip;<\/p>","protected":false},"author":1,"featured_media":0,"parent":0,"menu_order":0,"comment_status":"closed","ping_status":"closed","template":"","meta":{"footnotes":""},"class_list":["post-10","page","type-page","status-publish","hentry"],"aioseo_notices":[],"_links":{"self":[{"href":"https:\/\/www.artmapdesign.com\/en\/wp-json\/wp\/v2\/pages\/10","targetHints":{"allow":["GET"]}}],"collection":[{"href":"https:\/\/www.artmapdesign.com\/en\/wp-json\/wp\/v2\/pages"}],"about":[{"href":"https:\/\/www.artmapdesign.com\/en\/wp-json\/wp\/v2\/types\/page"}],"author":[{"embeddable":true,"href":"https:\/\/www.artmapdesign.com\/en\/wp-json\/wp\/v2\/users\/1"}],"replies":[{"embeddable":true,"href":"https:\/\/www.artmapdesign.com\/en\/wp-json\/wp\/v2\/comments?post=10"}],"version-history":[{"count":1,"href":"https:\/\/www.artmapdesign.com\/en\/wp-json\/wp\/v2\/pages\/10\/revisions"}],"predecessor-version":[{"id":4498,"href":"https:\/\/www.artmapdesign.com\/en\/wp-json\/wp\/v2\/pages\/10\/revisions\/4498"}],"wp:attachment":[{"href":"https:\/\/www.artmapdesign.com\/en\/wp-json\/wp\/v2\/media?parent=10"}],"curies":[{"name":"wp","href":"https:\/\/api.w.org\/{rel}","templated":true}]}}