{"id":4496,"date":"2023-07-31T19:12:47","date_gmt":"2023-07-31T17:12:47","guid":{"rendered":"https:\/\/www.wp.artmapdesign.com\/?page_id=4496"},"modified":"2025-03-20T10:42:14","modified_gmt":"2025-03-20T09:42:14","slug":"mentions-legales-2","status":"publish","type":"page","link":"https:\/\/www.artmapdesign.com\/en\/mentions-legales-2\/","title":{"rendered":"Mentions l\u00e9gales"},"content":{"rendered":"<p><strong>1. EDITEUR DU SITE<\/strong><\/p>\n\n\n\n<p>ADELO<\/p>\n\n\n\n<p>Immatricul\u00e9e au Registre du Commerce et des Soci\u00e9t\u00e9s de Toulouse\u00a0sous le n\u00b0 941917734.<\/p>\n\n\n\n<p>Dont le si\u00e8ge est situ\u00e9 18 boulevard des minimes 31200 Toulouse<\/p>\n\n\n\n<p>E-Mail : contact@artmapdesign.com<\/p>\n\n\n\n<p>La directrice de publication :&nbsp;Laure ZAMBON<\/p>\n\n\n\n<p>Le site web www.artmapdesign.com est un site h\u00e9berg\u00e9 par :<\/p>\n\n\n\n<p>OVH SAS<\/p>\n\n\n\n<p>2 rue Kellermann &#8211; 59100 Roubaix<\/p>\n\n\n\n<p>France<\/p>\n\n\n\n<p><strong>2. DONNEES PERSONNELLES<\/strong><\/p>\n\n\n\n<p>Le site www.artmapdesign.com a \u00e9t\u00e9 d\u00e9clar\u00e9 aupr\u00e8s de la CNIL, sous le num\u00e9ro : 2024776.<\/p>\n\n\n\n<p>Artmap Design utilise vos donn\u00e9es personnelles pour le traitement de vos commandes, pour renforcer et personnaliser sa communication, notamment par l\u2019envoi de courriers \u00e9lectroniques d\u2019information.<\/p>\n\n\n\n<p>En vertu de la loi Informatique et Libert\u00e9s du 6 janvier 1978 modifi\u00e9e, vous disposez d\u2019un droit d\u2019acc\u00e8s, d\u2019opposition, de rectification et\/ou de suppression des informations qui vous concernent.<\/p>\n\n\n\n<p>Vous pouvez exercer ces droits en adressant votre demande (en indiquant votre adresse de courrier \u00e9lectronique, nom, pr\u00e9nom et adresse postale) \u00e0 contact@artmapdesign.com<\/p>","protected":false},"excerpt":{"rendered":"<p>1. EDITEUR DU SITE ADELO Immatricul\u00e9e au Registre du Commerce et des Soci\u00e9t\u00e9s de Toulouse\u00a0sous le n\u00b0 941917734. Dont le si\u00e8ge est situ\u00e9 18 boulevard des minimes 31200 Toulouse E-Mail&hellip;<\/p>","protected":false},"author":1,"featured_media":0,"parent":0,"menu_order":0,"comment_status":"closed","ping_status":"closed","template":"","meta":{"footnotes":""},"class_list":["post-4496","page","type-page","status-publish","hentry"],"aioseo_notices":[],"_links":{"self":[{"href":"https:\/\/www.artmapdesign.com\/en\/wp-json\/wp\/v2\/pages\/4496","targetHints":{"allow":["GET"]}}],"collection":[{"href":"https:\/\/www.artmapdesign.com\/en\/wp-json\/wp\/v2\/pages"}],"about":[{"href":"https:\/\/www.artmapdesign.com\/en\/wp-json\/wp\/v2\/types\/page"}],"author":[{"embeddable":true,"href":"https:\/\/www.artmapdesign.com\/en\/wp-json\/wp\/v2\/users\/1"}],"replies":[{"embeddable":true,"href":"https:\/\/www.artmapdesign.com\/en\/wp-json\/wp\/v2\/comments?post=4496"}],"version-history":[{"count":2,"href":"https:\/\/www.artmapdesign.com\/en\/wp-json\/wp\/v2\/pages\/4496\/revisions"}],"predecessor-version":[{"id":5620,"href":"https:\/\/www.artmapdesign.com\/en\/wp-json\/wp\/v2\/pages\/4496\/revisions\/5620"}],"wp:attachment":[{"href":"https:\/\/www.artmapdesign.com\/en\/wp-json\/wp\/v2\/media?parent=4496"}],"curies":[{"name":"wp","href":"https:\/\/api.w.org\/{rel}","templated":true}]}}