{"id":810,"date":"2020-08-07T04:41:01","date_gmt":"2020-08-07T02:41:01","guid":{"rendered":"http:\/\/localhost\/demo\/?page_id=370"},"modified":"2023-10-30T08:58:55","modified_gmt":"2023-10-30T07:58:55","slug":"artmapdesign","status":"publish","type":"page","link":"https:\/\/www.artmapdesign.com\/en\/","title":{"rendered":"Artmap Design"},"content":{"rendered":"<section class=\"wpb-content-wrapper\"><div class=\"vc_row wpb_row vc_row-fluid\"><div class=\"wpb_column vc_column_container vc_col-sm-12\"><div class=\"vc_column-inner vc_custom_1697032570983\"><div class=\"wpb_wrapper\">\n\t<div class=\"wpb_raw_code wpb_content_element wpb_raw_html\" >\n\t\t<div class=\"wpb_wrapper\">\n\t\t\t<br \/><br \/>\n<div  class=\"dgwt-wcas-search-wrapp dgwt-wcas-has-submit woocommerce dgwt-wcas-style-pirx js-dgwt-wcas-layout-classic dgwt-wcas-layout-classic js-dgwt-wcas-mobile-overlay-enabled\">\n\t\t<form class=\"dgwt-wcas-search-form\" role=\"search\" action=\"https:\/\/www.artmapdesign.com\/en\/\" method=\"get\">\n\t\t<div class=\"dgwt-wcas-sf-wrapp\">\n\t\t\t\t\t\t<label class=\"screen-reader-text\"\n\t\t\t\tfor=\"dgwt-wcas-search-input-1\">\n\t\t\t\tProducts search\t\t\t<\/label>\n\n\t\t\t<input\n\t\t\t\tid=\"dgwt-wcas-search-input-1\"\n\t\t\t\ttype=\"search\"\n\t\t\t\tclass=\"dgwt-wcas-search-input\"\n\t\t\t\tname=\"s\"\n\t\t\t\tvalue=\"\"\n\t\t\t\tplaceholder=\"Rechercher des produits...\"\n\t\t\t\tautocomplete=\"off\"\n\t\t\t\t\t\t\t\/>\n\t\t\t<div class=\"dgwt-wcas-preloader\"><\/div>\n\n\t\t\t<div class=\"dgwt-wcas-voice-search\"><\/div>\n\n\t\t\t\t\t\t\t<button type=\"submit\"\n\t\t\t\t\t\taria-label=\"Search\"\n\t\t\t\t\t\tclass=\"dgwt-wcas-search-submit\">\t\t\t\t<svg\n\t\t\t\t\tclass=\"dgwt-wcas-ico-magnifier\" xmlns=\"http:\/\/www.w3.org\/2000\/svg\" width=\"18\" height=\"18\" viewBox=\"0 0 18 18\">\n\t\t\t\t\t<path  d=\" M 16.722523,17.901412 C 16.572585,17.825208 15.36088,16.670476 14.029846,15.33534 L 11.609782,12.907819 11.01926,13.29667 C 8.7613237,14.783493 5.6172703,14.768302 3.332423,13.259528 -0.07366363,11.010358 -1.0146502,6.5989684 1.1898146,3.2148776\n\t\t\t\t\t1.5505179,2.6611594 2.4056498,1.7447266 2.9644271,1.3130497 3.4423015,0.94387379 4.3921825,0.48568469 5.1732652,0.2475835 5.886299,0.03022609 6.1341883,0 7.2037391,0 8.2732897,0 8.521179,0.03022609 9.234213,0.2475835 c 0.781083,0.23810119 1.730962,0.69629029 2.208837,1.0654662\n\t\t\t\t\t0.532501,0.4113763 1.39922,1.3400096 1.760153,1.8858877 1.520655,2.2998531 1.599025,5.3023778 0.199549,7.6451086 -0.208076,0.348322 -0.393306,0.668209 -0.411622,0.710863 -0.01831,0.04265 1.065556,1.18264 2.408603,2.533307 1.343046,1.350666 2.486621,2.574792 2.541278,2.720279 0.282475,0.7519\n\t\t\t\t\t-0.503089,1.456506 -1.218488,1.092917 z M 8.4027892,12.475062 C 9.434946,12.25579 10.131043,11.855461 10.99416,10.984753 11.554519,10.419467 11.842507,10.042366 12.062078,9.5863882 12.794223,8.0659672 12.793657,6.2652398 12.060578,4.756293 11.680383,3.9737304 10.453587,2.7178427\n\t\t\t\t\t9.730569,2.3710306 8.6921295,1.8729196 8.3992147,1.807606 7.2037567,1.807606 6.0082984,1.807606 5.7153841,1.87292 4.6769446,2.3710306 3.9539263,2.7178427 2.7271301,3.9737304 2.3469352,4.756293 1.6138384,6.2652398 1.6132726,8.0659672 2.3454252,9.5863882 c 0.4167354,0.8654208 1.5978784,2.0575608\n\t\t\t\t\t2.4443766,2.4671358 1.0971012,0.530827 2.3890403,0.681561 3.6130134,0.421538 z\n\t\t\t\t\t\"\/>\n\t\t\t\t<\/svg>\n\t\t\t\t<\/button>\n\t\t\t\n\t\t\t<input type=\"hidden\" name=\"post_type\" value=\"product\"\/>\n\t\t\t<input type=\"hidden\" name=\"dgwt_wcas\" value=\"1\"\/>\n\n\t\t\t\n\t\t\t\t\t<\/div>\n\t<\/form>\n<\/div>\n\n\t\t<\/div>\n\t<\/div>\n<\/div><\/div><\/div><\/div><div class=\"vc_row wpb_row vc_row-fluid columns-gap-20\"><div class=\"wpb_column vc_column_container vc_col-sm-6\"><div class=\"vc_column-inner\"><div class=\"wpb_wrapper\"><div class=\"sober-banner4 horizontal-align-left vertical-align-top dark-scheme  sober-campaign\">\n\t\t\t\t<img loading=\"lazy\" decoding=\"async\" width=\"800\" height=\"800\" src=\"https:\/\/www.artmapdesign.com\/wp-content\/uploads\/2023\/07\/image1.jpg\" class=\"attachment-full\" alt=\"\" title=\"image1\" srcset=\"https:\/\/www.artmapdesign.com\/wp-content\/uploads\/2023\/07\/image1.jpg 800w, https:\/\/www.artmapdesign.com\/wp-content\/uploads\/2023\/07\/image1-300x300.jpg 300w, https:\/\/www.artmapdesign.com\/wp-content\/uploads\/2023\/07\/image1-150x150.jpg 150w, https:\/\/www.artmapdesign.com\/wp-content\/uploads\/2023\/07\/image1-768x768.jpg 768w, https:\/\/www.artmapdesign.com\/wp-content\/uploads\/2023\/07\/image1-12x12.jpg 12w, https:\/\/www.artmapdesign.com\/wp-content\/uploads\/2023\/07\/image1-100x100.jpg 100w, https:\/\/www.artmapdesign.com\/wp-content\/uploads\/2023\/07\/image1-451x451.jpg 451w, https:\/\/www.artmapdesign.com\/wp-content\/uploads\/2023\/07\/image1-565x565.jpg 565w\" sizes=\"auto, (max-width: 800px) 100vw, 800px\" \/>\n\t\t\t\t<div class=\"banner-content\">\n\t\t\t\t\t<span class=\"banner-text\"><h2 style=\"font-size: 40px; line-height: 1.35; margin-left: -3px;\">Minimalist Map<\/h2>\n<\/span>\n\t\t\t\t\t<span class=\"sober-button line-hover active button-color-dark\">D\u00c9COUVRIR<\/span>\n\t\t\t\t<\/div>\n\t\t\t\t<a href=\"https:\/\/www.artmapdesign.com\/categorie\/voyage\/city-map\/\" target=\"\" rel=\"\" title=\"\">View detail<\/a>\n\t\t\t<\/div><\/div><\/div><\/div><div class=\"wpb_column vc_column_container vc_col-sm-6\"><div class=\"vc_column-inner\"><div class=\"wpb_wrapper\"><div class=\"sober-banner4 horizontal-align-left vertical-align-top dark-scheme  sober-campaign\">\n\t\t\t\t<img loading=\"lazy\" decoding=\"async\" width=\"2000\" height=\"2000\" src=\"https:\/\/www.artmapdesign.com\/wp-content\/uploads\/2023\/07\/image2.jpg\" class=\"attachment-full\" alt=\"\" title=\"image2\" srcset=\"https:\/\/www.artmapdesign.com\/wp-content\/uploads\/2023\/07\/image2.jpg 2000w, https:\/\/www.artmapdesign.com\/wp-content\/uploads\/2023\/07\/image2-300x300.jpg 300w, https:\/\/www.artmapdesign.com\/wp-content\/uploads\/2023\/07\/image2-1024x1024.jpg 1024w, https:\/\/www.artmapdesign.com\/wp-content\/uploads\/2023\/07\/image2-150x150.jpg 150w, https:\/\/www.artmapdesign.com\/wp-content\/uploads\/2023\/07\/image2-768x768.jpg 768w, https:\/\/www.artmapdesign.com\/wp-content\/uploads\/2023\/07\/image2-1536x1536.jpg 1536w, https:\/\/www.artmapdesign.com\/wp-content\/uploads\/2023\/07\/image2-12x12.jpg 12w, https:\/\/www.artmapdesign.com\/wp-content\/uploads\/2023\/07\/image2-100x100.jpg 100w, https:\/\/www.artmapdesign.com\/wp-content\/uploads\/2023\/07\/image2-451x451.jpg 451w, https:\/\/www.artmapdesign.com\/wp-content\/uploads\/2023\/07\/image2-912x912.jpg 912w, https:\/\/www.artmapdesign.com\/wp-content\/uploads\/2023\/07\/image2-565x565.jpg 565w, https:\/\/www.artmapdesign.com\/wp-content\/uploads\/2023\/07\/image2-937x937.jpg 937w\" sizes=\"auto, (max-width: 2000px) 100vw, 2000px\" \/>\n\t\t\t\t<div class=\"banner-content\">\n\t\t\t\t\t<span class=\"banner-text\"><h2 style=\"font-size: 40px; line-height: 1.35; margin-left: -3px;\">Color City<\/h2>\n<\/span>\n\t\t\t\t\t<span class=\"sober-button line-hover active button-color-dark\">D\u00c9COUVRIR<\/span>\n\t\t\t\t<\/div>\n\t\t\t\t<a href=\"https:\/\/www.artmapdesign.com\/categorie\/color-city\/\" target=\"\" rel=\"\" title=\"\">View detail<\/a>\n\t\t\t<\/div><\/div><\/div><\/div><\/div><div class=\"vc_row wpb_row vc_row-fluid\"><div class=\"wpb_column vc_column_container vc_col-sm-12\"><div class=\"vc_column-inner\"><div class=\"wpb_wrapper\"><div class=\"sober-empty-space \" style=\"height: 20px\"><\/div><\/div><\/div><\/div><\/div><div class=\"vc_row wpb_row vc_row-fluid columns-gap-20\"><div class=\"wpb_column vc_column_container vc_col-sm-6\"><div class=\"vc_column-inner\"><div class=\"wpb_wrapper\"><div class=\"sober-banner4 horizontal-align-left vertical-align-top dark-scheme  sober-campaign\">\n\t\t\t\t<img loading=\"lazy\" decoding=\"async\" width=\"2560\" height=\"2560\" src=\"https:\/\/www.artmapdesign.com\/wp-content\/uploads\/2023\/07\/div0008-mockup-3000x3000-1-scaled.jpg\" class=\"attachment-full\" alt=\"Affiche vignobles\" title=\"div0008-mockup-3000x3000\" srcset=\"https:\/\/www.artmapdesign.com\/wp-content\/uploads\/2023\/07\/div0008-mockup-3000x3000-1-scaled.jpg 2560w, https:\/\/www.artmapdesign.com\/wp-content\/uploads\/2023\/07\/div0008-mockup-3000x3000-1-300x300.jpg 300w, https:\/\/www.artmapdesign.com\/wp-content\/uploads\/2023\/07\/div0008-mockup-3000x3000-1-1024x1024.jpg 1024w, https:\/\/www.artmapdesign.com\/wp-content\/uploads\/2023\/07\/div0008-mockup-3000x3000-1-150x150.jpg 150w, https:\/\/www.artmapdesign.com\/wp-content\/uploads\/2023\/07\/div0008-mockup-3000x3000-1-768x768.jpg 768w, https:\/\/www.artmapdesign.com\/wp-content\/uploads\/2023\/07\/div0008-mockup-3000x3000-1-1536x1536.jpg 1536w, https:\/\/www.artmapdesign.com\/wp-content\/uploads\/2023\/07\/div0008-mockup-3000x3000-1-2048x2048.jpg 2048w, https:\/\/www.artmapdesign.com\/wp-content\/uploads\/2023\/07\/div0008-mockup-3000x3000-1-12x12.jpg 12w, https:\/\/www.artmapdesign.com\/wp-content\/uploads\/2023\/07\/div0008-mockup-3000x3000-1-100x100.jpg 100w, https:\/\/www.artmapdesign.com\/wp-content\/uploads\/2023\/07\/div0008-mockup-3000x3000-1-451x451.jpg 451w, https:\/\/www.artmapdesign.com\/wp-content\/uploads\/2023\/07\/div0008-mockup-3000x3000-1-912x912.jpg 912w, https:\/\/www.artmapdesign.com\/wp-content\/uploads\/2023\/07\/div0008-mockup-3000x3000-1-565x565.jpg 565w, https:\/\/www.artmapdesign.com\/wp-content\/uploads\/2023\/07\/div0008-mockup-3000x3000-1-937x937.jpg 937w\" sizes=\"auto, (max-width: 2560px) 100vw, 2560px\" \/>\n\t\t\t\t<div class=\"banner-content\">\n\t\t\t\t\t<span class=\"banner-text\"><p style=\"font-weight: 600;\">GASTRONOMIE<\/p>\n<h2 style=\"font-size: 40px; line-height: 1.35; margin-left: -3px;\">Affiche Vignobles fran\u00e7ais<\/h2>\n<\/span>\n\t\t\t\t\t<span class=\"sober-button line-hover active button-color-dark\">EXPLORE NOW<\/span>\n\t\t\t\t<\/div>\n\t\t\t\t<a href=\"https:\/\/www.artmapdesign.com\/produit\/affiche-carte-des-vignobles-de-france\" target=\"\" rel=\"\" title=\"\">View detail<\/a>\n\t\t\t<\/div><\/div><\/div><\/div><div class=\"wpb_column vc_column_container vc_col-sm-6\"><div class=\"vc_column-inner\"><div class=\"wpb_wrapper\"><div class=\"sober-banner4 horizontal-align-left vertical-align-top dark-scheme  sober-campaign\">\n\t\t\t\t<img loading=\"lazy\" decoding=\"async\" width=\"2000\" height=\"2000\" src=\"https:\/\/www.artmapdesign.com\/wp-content\/uploads\/2023\/07\/DIV0009-coffee-A2-cadre1-v2.jpg\" class=\"attachment-full\" alt=\"affiche caf\u00e9\" title=\"DIV0009-coffee-A2-cadre1-v2\" srcset=\"https:\/\/www.artmapdesign.com\/wp-content\/uploads\/2023\/07\/DIV0009-coffee-A2-cadre1-v2.jpg 2000w, https:\/\/www.artmapdesign.com\/wp-content\/uploads\/2023\/07\/DIV0009-coffee-A2-cadre1-v2-300x300.jpg 300w, https:\/\/www.artmapdesign.com\/wp-content\/uploads\/2023\/07\/DIV0009-coffee-A2-cadre1-v2-1024x1024.jpg 1024w, https:\/\/www.artmapdesign.com\/wp-content\/uploads\/2023\/07\/DIV0009-coffee-A2-cadre1-v2-150x150.jpg 150w, https:\/\/www.artmapdesign.com\/wp-content\/uploads\/2023\/07\/DIV0009-coffee-A2-cadre1-v2-768x768.jpg 768w, https:\/\/www.artmapdesign.com\/wp-content\/uploads\/2023\/07\/DIV0009-coffee-A2-cadre1-v2-1536x1536.jpg 1536w, https:\/\/www.artmapdesign.com\/wp-content\/uploads\/2023\/07\/DIV0009-coffee-A2-cadre1-v2-12x12.jpg 12w, https:\/\/www.artmapdesign.com\/wp-content\/uploads\/2023\/07\/DIV0009-coffee-A2-cadre1-v2-100x100.jpg 100w, https:\/\/www.artmapdesign.com\/wp-content\/uploads\/2023\/07\/DIV0009-coffee-A2-cadre1-v2-451x451.jpg 451w, https:\/\/www.artmapdesign.com\/wp-content\/uploads\/2023\/07\/DIV0009-coffee-A2-cadre1-v2-912x912.jpg 912w, https:\/\/www.artmapdesign.com\/wp-content\/uploads\/2023\/07\/DIV0009-coffee-A2-cadre1-v2-565x565.jpg 565w, https:\/\/www.artmapdesign.com\/wp-content\/uploads\/2023\/07\/DIV0009-coffee-A2-cadre1-v2-937x937.jpg 937w\" sizes=\"auto, (max-width: 2000px) 100vw, 2000px\" \/>\n\t\t\t\t<div class=\"banner-content\">\n\t\t\t\t\t<span class=\"banner-text\"><p style=\"font-weight: 600;\">GASTRONOMIE<\/p>\n<h2 style=\"font-size: 40px; line-height: 1.35; margin-left: -3px;\"><span style=\"color: #ffffff;\">L&rsquo;essentiel du caf\u00e9<\/span><\/h2>\n<p>&nbsp;<\/p>\n<\/span>\n\t\t\t\t\t<span class=\"sober-button line-hover active button-color-dark\">D\u00c9COUVRIR<\/span>\n\t\t\t\t<\/div>\n\t\t\t\t<a href=\"#\" target=\"\" rel=\"\" title=\"\">View detail<\/a>\n\t\t\t<\/div><\/div><\/div><\/div><\/div><div class=\"vc_row wpb_row vc_row-fluid\"><div class=\"wpb_column vc_column_container vc_col-sm-12\"><div class=\"vc_column-inner\"><div class=\"wpb_wrapper\"><div class=\"sober-empty-space \" style=\"height: 20px\"><\/div>\n\t<div class=\"wpb_raw_code wpb_content_element wpb_raw_html\" >\n\t\t<div class=\"wpb_wrapper\">\n\t\t\t[trustindex no-registration=amazon]\n\t\t<\/div>\n\t<\/div>\n<\/div><\/div><\/div><\/div><div class=\"vc_row wpb_row vc_row-fluid\"><div class=\"wpb_column vc_column_container vc_col-sm-12\"><div class=\"vc_column-inner\"><div class=\"wpb_wrapper\"><div class=\"sober-empty-space \" style=\"height: 50px\"><\/div><div class=\"sober-product-grid sober-products sober-product-grid sober-products\"><div class=\"woocommerce columns-5 \"><ul class=\"products columns-5\">\n<li class=\"layout-style-2 col-md-4 col-sm-4 col-xs-6 col-lg-1-5 product-has-gallery product-style-addtocart product type-product post-5434 status-publish first instock product_cat-gastronomie product_tag-cuisine product_tag-gastronomie has-post-thumbnail downloadable virtual purchasable product-type-simple\">\n\t<div class=\"product-header\"><a href=\"https:\/\/www.artmapdesign.com\/en\/product\/calendrier-fruits-legumes-de-saison-version-numerique-pdf\/\" class=\"woocommerce-LoopProduct-link woocommerce-loop-product__link\"><img loading=\"lazy\" decoding=\"async\" width=\"433\" height=\"516\" src=\"https:\/\/www.artmapdesign.com\/wp-content\/uploads\/2023\/10\/FL-page-garde-version-PDF-433x516.jpg\" class=\"attachment-woocommerce_thumbnail size-woocommerce_thumbnail\" alt=\"Calendrier Fruits &amp; L\u00e9gumes de saison - Version num\u00e9rique PDF\" \/><\/a>\n\t\t\n\t\t\t<div class=\"buttons-icon\">\n\t\t\t\t\t\t\t<\/div>\n\n\t\t\n\t\t\n\t\t\t<div class=\"buttons\">\n\t\t\t\t<a href=\"\/en\/wp-json\/wp\/v2\/pages\/810?add-to-cart=5434\" data-quantity=\"1\" class=\"button product_type_simple add_to_cart_button ajax_add_to_cart sober-loop-atc-button\" data-product_id=\"5434\" data-product_sku=\"DIV0002F\" aria-label=\"Add to basket: &ldquo;Calendrier Fruits &amp; L\u00e9gumes de saison - Version num\u00e9rique PDF&rdquo;\" rel=\"nofollow\" data-success_message=\"&ldquo;Calendrier Fruits &amp; L\u00e9gumes de saison - Version num\u00e9rique PDF&rdquo; has been added to your cart\" role=\"button\">\n\t\t\t\t<svg role=\"img\" viewBox=\"0 0 20 20\" width=\"20\" height=\"20\" > <use href=\"#basket-addtocart\" xlink:href=\"#basket-addtocart\"><\/use> <\/svg>\n\t\t\t\t<span class=\"screen-reader-text\">Add to basket<\/span>\n\t\t\t<\/a>\t<span id=\"woocommerce_loop_add_to_cart_link_describedby_5434\" class=\"screen-reader-text\">\n\t\t\t<\/span>\n\t\t\t<\/div>\n\n\t\t\n\t\t<\/div>\n\t\t<h3 class=\"woocommerce-loop-product__title\"><a href=\"https:\/\/www.artmapdesign.com\/en\/product\/calendrier-fruits-legumes-de-saison-version-numerique-pdf\/\">Calendrier Fruits &#038; L\u00e9gumes de saison &#8211; Version num\u00e9rique PDF<\/a><\/h3>\n\n\t\t\n\n\t\n\t\t<span class=\"price\"><span class=\"woocommerce-Price-amount amount\">5,90<span class=\"woocommerce-Price-currencySymbol\">&euro;<\/span><\/span><\/span>\n\n\t\n<\/li>\n<li class=\"layout-style-2 col-md-4 col-sm-4 col-xs-6 col-lg-1-5 product-style-addtocart product type-product post-4527 status-publish instock product_cat-gastronomie has-post-thumbnail shipping-taxable purchasable product-type-simple\">\n\t<div class=\"product-header\"><a href=\"https:\/\/www.artmapdesign.com\/en\/product\/affiche-le-guide-essentiel-du-cafe\/\" class=\"woocommerce-LoopProduct-link woocommerce-loop-product__link\"><img loading=\"lazy\" decoding=\"async\" width=\"433\" height=\"516\" src=\"https:\/\/www.artmapdesign.com\/wp-content\/uploads\/2023\/08\/cafe-affiche-tube-433x516.jpg\" class=\"attachment-woocommerce_thumbnail size-woocommerce_thumbnail\" alt=\"affiche caf\u00e9\" \/><\/a>\n\t\t\n\t\t\t<div class=\"buttons-icon\">\n\t\t\t\t\t\t\t<\/div>\n\n\t\t\n\t\t\n\t\t\t<div class=\"buttons\">\n\t\t\t\t<a href=\"\/en\/wp-json\/wp\/v2\/pages\/810?add-to-cart=4527\" data-quantity=\"1\" class=\"button product_type_simple add_to_cart_button ajax_add_to_cart sober-loop-atc-button\" data-product_id=\"4527\" data-product_sku=\"DIV0009\" aria-label=\"Add to basket: &ldquo;Affiche Le Guide essentiel du Caf\u00e9&rdquo;\" rel=\"nofollow\" data-success_message=\"&ldquo;Affiche Le Guide essentiel du Caf\u00e9&rdquo; has been added to your cart\" role=\"button\">\n\t\t\t\t<svg role=\"img\" viewBox=\"0 0 20 20\" width=\"20\" height=\"20\" > <use href=\"#basket-addtocart\" xlink:href=\"#basket-addtocart\"><\/use> <\/svg>\n\t\t\t\t<span class=\"screen-reader-text\">Add to basket<\/span>\n\t\t\t<\/a>\t<span id=\"woocommerce_loop_add_to_cart_link_describedby_4527\" class=\"screen-reader-text\">\n\t\t\t<\/span>\n\t\t\t<\/div>\n\n\t\t\n\t\t<\/div>\n\t\t<h3 class=\"woocommerce-loop-product__title\"><a href=\"https:\/\/www.artmapdesign.com\/en\/product\/affiche-le-guide-essentiel-du-cafe\/\">Affiche Le Guide essentiel du Caf\u00e9<\/a><\/h3>\n\n\t\t\n\n\t\n\t\t<span class=\"price\"><span class=\"woocommerce-Price-amount amount\">29,90<span class=\"woocommerce-Price-currencySymbol\">&euro;<\/span><\/span><\/span>\n\n\t\n<\/li>\n<li class=\"layout-style-2 col-md-4 col-sm-4 col-xs-6 col-lg-1-5 product-style-addtocart product type-product post-4524 status-publish instock product_cat-france product_cat-gastronomie product_cat-maison has-post-thumbnail shipping-taxable purchasable product-type-simple\">\n\t<div class=\"product-header\"><a href=\"https:\/\/www.artmapdesign.com\/en\/product\/affiche-carte-des-vignobles-de-france\/\" class=\"woocommerce-LoopProduct-link woocommerce-loop-product__link\"><img loading=\"lazy\" decoding=\"async\" width=\"433\" height=\"516\" src=\"https:\/\/www.artmapdesign.com\/wp-content\/uploads\/2023\/08\/DIV0008-affiche-tube-433x516.jpg\" class=\"attachment-woocommerce_thumbnail size-woocommerce_thumbnail\" alt=\"affiche vignoble\" \/><\/a>\n\t\t\n\t\t\t<div class=\"buttons-icon\">\n\t\t\t\t\t\t\t<\/div>\n\n\t\t\n\t\t\n\t\t\t<div class=\"buttons\">\n\t\t\t\t<a href=\"\/en\/wp-json\/wp\/v2\/pages\/810?add-to-cart=4524\" data-quantity=\"1\" class=\"button product_type_simple add_to_cart_button ajax_add_to_cart sober-loop-atc-button\" data-product_id=\"4524\" data-product_sku=\"DIV0008\" aria-label=\"Add to basket: &ldquo;Affiche Carte des vignobles de France&rdquo;\" rel=\"nofollow\" data-success_message=\"&ldquo;Affiche Carte des vignobles de France&rdquo; has been added to your cart\" role=\"button\">\n\t\t\t\t<svg role=\"img\" viewBox=\"0 0 20 20\" width=\"20\" height=\"20\" > <use href=\"#basket-addtocart\" xlink:href=\"#basket-addtocart\"><\/use> <\/svg>\n\t\t\t\t<span class=\"screen-reader-text\">Add to basket<\/span>\n\t\t\t<\/a>\t<span id=\"woocommerce_loop_add_to_cart_link_describedby_4524\" class=\"screen-reader-text\">\n\t\t\t<\/span>\n\t\t\t<\/div>\n\n\t\t\n\t\t<\/div>\n\t\t<h3 class=\"woocommerce-loop-product__title\"><a href=\"https:\/\/www.artmapdesign.com\/en\/product\/affiche-carte-des-vignobles-de-france\/\">Affiche Carte des vignobles de France<\/a><\/h3>\n\n\t\t\n\n\t\n\t\t<span class=\"price\"><span class=\"woocommerce-Price-amount amount\">25,90<span class=\"woocommerce-Price-currencySymbol\">&euro;<\/span><\/span><\/span>\n\n\t\n<\/li>\n<li class=\"layout-style-2 col-md-4 col-sm-4 col-xs-6 col-lg-1-5 product-style-addtocart product type-product post-455 status-publish instock product_cat-city-map product_cat-europe product_cat-irlande product_cat-voyage product_tag-minimalist has-post-thumbnail shipping-taxable purchasable product-type-variable has-default-attributes\">\n\t<div class=\"product-header\"><a href=\"https:\/\/www.artmapdesign.com\/en\/product\/affiche-poster-carlow-irlande-minimalist-map\/\" class=\"woocommerce-LoopProduct-link woocommerce-loop-product__link\"><img loading=\"lazy\" decoding=\"async\" width=\"433\" height=\"516\" src=\"https:\/\/www.artmapdesign.com\/wp-content\/uploads\/2023\/06\/carlow-affiche-tube-433x516.jpg\" class=\"attachment-woocommerce_thumbnail size-woocommerce_thumbnail\" alt=\"affiche carlow\" \/><\/a>\n\t\t\n\t\t\t<div class=\"buttons-icon\">\n\t\t\t\t\t\t\t<\/div>\n\n\t\t\n\t\t\n\t\t\t<div class=\"buttons\">\n\t\t\t\t<a href=\"https:\/\/www.artmapdesign.com\/en\/product\/affiche-poster-carlow-irlande-minimalist-map\/\" data-quantity=\"1\" class=\"button product_type_variable add_to_cart_button sober-loop-atc-button\" data-product_id=\"455\" data-product_sku=\"MP0347\" aria-label=\"Select options for &ldquo;Affiche Poster Carlow Irlande Minimalist Map&rdquo;\" rel=\"nofollow\">\n\t\t\t\t<svg role=\"img\" viewBox=\"0 0 20 20\" width=\"20\" height=\"20\" > <use href=\"#basket-addtocart\" xlink:href=\"#basket-addtocart\"><\/use> <\/svg>\n\t\t\t\t<span class=\"screen-reader-text\">Select options<\/span>\n\t\t\t<\/a>\t<span id=\"woocommerce_loop_add_to_cart_link_describedby_455\" class=\"screen-reader-text\">\n\t\tThis product has multiple variants. The options may be chosen on the product page\t<\/span>\n\t\t\t<\/div>\n\n\t\t\n\t\t<\/div>\n\t\t<h3 class=\"woocommerce-loop-product__title\"><a href=\"https:\/\/www.artmapdesign.com\/en\/product\/affiche-poster-carlow-irlande-minimalist-map\/\">Affiche Poster Carlow Irlande Minimalist Map<\/a><\/h3>\n\n\t\t\n\n\t\n\t\t<span class=\"price\"><span class=\"woocommerce-Price-amount amount\" aria-hidden=\"true\">5,90<span class=\"woocommerce-Price-currencySymbol\">&euro;<\/span><\/span> <span aria-hidden=\"true\">&ndash;<\/span> <span class=\"woocommerce-Price-amount amount\" aria-hidden=\"true\">42,90<span class=\"woocommerce-Price-currencySymbol\">&euro;<\/span><\/span><span class=\"screen-reader-text\">Price range: 5,90&euro; through 42,90&euro;<\/span><\/span>\n\n\t\n<\/li>\n<li class=\"layout-style-2 col-md-4 col-sm-4 col-xs-6 col-lg-1-5 product-style-addtocart product type-product post-625 status-publish last instock product_cat-amerique product_cat-city-map product_cat-mexique product_cat-voyage has-post-thumbnail shipping-taxable purchasable product-type-variable\">\n\t<div class=\"product-header\"><a href=\"https:\/\/www.artmapdesign.com\/en\/product\/affiche-poster-san-cristobal-de-las-casas-mexique-minimalist-map\/\" class=\"woocommerce-LoopProduct-link woocommerce-loop-product__link\"><img loading=\"lazy\" decoding=\"async\" width=\"433\" height=\"516\" src=\"https:\/\/www.artmapdesign.com\/wp-content\/uploads\/2020\/07\/san-cristobal-affiche-tube-433x516.jpg\" class=\"attachment-woocommerce_thumbnail size-woocommerce_thumbnail\" alt=\"affiche san cristobal\" \/><\/a>\n\t\t\n\t\t\t<div class=\"buttons-icon\">\n\t\t\t\t\t\t\t<\/div>\n\n\t\t\n\t\t\n\t\t\t<div class=\"buttons\">\n\t\t\t\t<a href=\"https:\/\/www.artmapdesign.com\/en\/product\/affiche-poster-san-cristobal-de-las-casas-mexique-minimalist-map\/\" data-quantity=\"1\" class=\"button product_type_variable add_to_cart_button sober-loop-atc-button\" data-product_id=\"625\" data-product_sku=\"MP0357\" aria-label=\"Select options for &ldquo;Affiche Poster San Cristobal de las Casas Mexique Minimalist Map&rdquo;\" rel=\"nofollow\">\n\t\t\t\t<svg role=\"img\" viewBox=\"0 0 20 20\" width=\"20\" height=\"20\" > <use href=\"#basket-addtocart\" xlink:href=\"#basket-addtocart\"><\/use> <\/svg>\n\t\t\t\t<span class=\"screen-reader-text\">Select options<\/span>\n\t\t\t<\/a>\t<span id=\"woocommerce_loop_add_to_cart_link_describedby_625\" class=\"screen-reader-text\">\n\t\tThis product has multiple variants. The options may be chosen on the product page\t<\/span>\n\t\t\t<\/div>\n\n\t\t\n\t\t<\/div>\n\t\t<h3 class=\"woocommerce-loop-product__title\"><a href=\"https:\/\/www.artmapdesign.com\/en\/product\/affiche-poster-san-cristobal-de-las-casas-mexique-minimalist-map\/\">Affiche Poster San Cristobal de las Casas Mexique Minimalist Map<\/a><\/h3>\n\n\t\t\n\n\t\n\t\t<span class=\"price\"><span class=\"woocommerce-Price-amount amount\" aria-hidden=\"true\">5,90<span class=\"woocommerce-Price-currencySymbol\">&euro;<\/span><\/span> <span aria-hidden=\"true\">&ndash;<\/span> <span class=\"woocommerce-Price-amount amount\" aria-hidden=\"true\">42,90<span class=\"woocommerce-Price-currencySymbol\">&euro;<\/span><\/span><span class=\"screen-reader-text\">Price range: 5,90&euro; through 42,90&euro;<\/span><\/span>\n\n\t\n<\/li>\n<\/ul>\n<\/div><\/div><div class=\"sober-button-wrapper text-center\"><a href=\"#\" class=\"sober-button button-type-normal button-color-dark align-center  button-wide button normal button-normal\">See All Products<\/a><\/div><div class=\"sober-empty-space \" aria-hidden=\"true\"><div class=\"sober-empty-space__xs visible-xs\" style=\"height:50px\"><\/div><div class=\"sober-empty-space__sm visible-sm\" style=\"height:80px\"><\/div><div class=\"sober-empty-space__md visible-md\" style=\"height:80px\"><\/div><div class=\"sober-empty-space__lg visible-lg\" style=\"height:80px\"><\/div><\/div><\/div><\/div><\/div><\/div>\n<\/section>","protected":false},"excerpt":{"rendered":"Products search Minimalist Map D\u00c9COUVRIR View detail Color City D\u00c9COUVRIR View detail GASTRONOMIE Affiche Vignobles fran\u00e7ais EXPLORE NOW View detail GASTRONOMIE L'essentiel du caf\u00e9 &nbsp; D\u00c9COUVRIR View detail [trustindex no-registration=amazon]&hellip;","protected":false},"author":1,"featured_media":0,"parent":0,"menu_order":0,"comment_status":"closed","ping_status":"closed","template":"templates\/homepage.php","meta":{"footnotes":""},"class_list":["post-810","page","type-page","status-publish","hentry"],"aioseo_notices":[],"_links":{"self":[{"href":"https:\/\/www.artmapdesign.com\/en\/wp-json\/wp\/v2\/pages\/810","targetHints":{"allow":["GET"]}}],"collection":[{"href":"https:\/\/www.artmapdesign.com\/en\/wp-json\/wp\/v2\/pages"}],"about":[{"href":"https:\/\/www.artmapdesign.com\/en\/wp-json\/wp\/v2\/types\/page"}],"author":[{"embeddable":true,"href":"https:\/\/www.artmapdesign.com\/en\/wp-json\/wp\/v2\/users\/1"}],"replies":[{"embeddable":true,"href":"https:\/\/www.artmapdesign.com\/en\/wp-json\/wp\/v2\/comments?post=810"}],"version-history":[{"count":21,"href":"https:\/\/www.artmapdesign.com\/en\/wp-json\/wp\/v2\/pages\/810\/revisions"}],"predecessor-version":[{"id":5546,"href":"https:\/\/www.artmapdesign.com\/en\/wp-json\/wp\/v2\/pages\/810\/revisions\/5546"}],"wp:attachment":[{"href":"https:\/\/www.artmapdesign.com\/en\/wp-json\/wp\/v2\/media?parent=810"}],"curies":[{"name":"wp","href":"https:\/\/api.w.org\/{rel}","templated":true}]}}