{"id":178,"date":"2017-05-05T11:38:13","date_gmt":"2017-05-05T09:38:13","guid":{"rendered":"http:\/\/www.wp.artmapdesign.com\/produit\/affiche-poster-berlin-allemagne-unicolor-map\/"},"modified":"2017-05-05T11:38:13","modified_gmt":"2017-05-05T09:38:13","slug":"affiche-poster-berlin-allemagne-unicolor-map","status":"publish","type":"product","link":"https:\/\/www.artmapdesign.com\/en\/product\/affiche-poster-berlin-allemagne-unicolor-map\/","title":{"rendered":"Affiche Poster Berlin Allemagne Unicolor Map"},"content":{"rendered":"<p class=\"p1\"><span class=\"s1\"><b>Poster Mural Berlin City Map<\/b><\/span><\/p>\n<p class=\"p2\">\n<p class=\"p3\"><span class=\"s1\">Cette carte est r\u00e9alis\u00e9e avec les rues de la ville. Ce sont les\u00a0rues qui repr\u00e9sentent la plus grande quantit\u00e9 de l&rsquo;espace public dans une ville. Ces cartes modernes illustrent la beaut\u00e9 qui r\u00e9sulte de la construction de la ville. L&rsquo;affiche Berlin Unicolor Map illustre la g\u00e9ographie et les motifs de cette ville.<\/span><\/p>\n<p class=\"p4\">\n<p class=\"p1\"><span class=\"s1\"><b>D\u00e9coration murale<\/b><\/span><\/p>\n<p class=\"p2\">\n<p class=\"p3\"><span class=\"s1\">Ce poster moderne et original s&rsquo;adaptera \u00e0 votre d\u00e9cor, pour la maison ou au bureau et surtout apportera une touche d&rsquo;originalit\u00e9 \u00e0 vos murs.<\/span><\/p>\n<p class=\"p3\"><span class=\"s1\">Cette carte City map a \u00e9t\u00e9 cr\u00e9\u00e9e pour les gens qui aiment l&rsquo;architecture moderne et le look\u00a0minimalist\u00a0\/ contemporain.<\/span><\/p>\n<p class=\"p4\">\n<p class=\"p3\"><span class=\"s1\"><b>A la recherche d&rsquo;un cadeau anniversaire original !<\/b><\/span><\/p>\n<p class=\"p3\"><span class=\"s1\">Ce\u00a0cadeau\u00a0sera\u00a0id\u00e9al\u00a0pour vous d\u00e9marquer des autres et il plaira \u00e0 tous les passionn\u00e9s de voyage.<\/span><\/p>\n<p class=\"p3\">","protected":false},"excerpt":{"rendered":"<p><strong>L&rsquo;affiche City Map\u00a0Berlin Unicolor est une cr\u00e9ation originale de Artmap Design.<\/strong><\/p><\/p>","protected":false},"featured_media":0,"comment_status":"open","ping_status":"closed","template":"","meta":[],"product_brand":[],"product_cat":[30,47],"product_tag":[],"class_list":{"0":"post-178","1":"product","2":"type-product","3":"status-publish","5":"product_cat-europe","6":"product_cat-allemagne","8":"first","9":"instock","10":"shipping-taxable","11":"purchasable","12":"product-type-simple","13":"layout-style-2","14":"col-md-4 col-sm-4 col-xs-6","15":"col-lg-4","16":"product-style-addtocart"},"aioseo_notices":[],"_links":{"self":[{"href":"https:\/\/www.artmapdesign.com\/en\/wp-json\/wp\/v2\/product\/178","targetHints":{"allow":["GET"]}}],"collection":[{"href":"https:\/\/www.artmapdesign.com\/en\/wp-json\/wp\/v2\/product"}],"about":[{"href":"https:\/\/www.artmapdesign.com\/en\/wp-json\/wp\/v2\/types\/product"}],"replies":[{"embeddable":true,"href":"https:\/\/www.artmapdesign.com\/en\/wp-json\/wp\/v2\/comments?post=178"}],"wp:attachment":[{"href":"https:\/\/www.artmapdesign.com\/en\/wp-json\/wp\/v2\/media?parent=178"}],"wp:term":[{"taxonomy":"product_brand","embeddable":true,"href":"https:\/\/www.artmapdesign.com\/en\/wp-json\/wp\/v2\/product_brand?post=178"},{"taxonomy":"product_cat","embeddable":true,"href":"https:\/\/www.artmapdesign.com\/en\/wp-json\/wp\/v2\/product_cat?post=178"},{"taxonomy":"product_tag","embeddable":true,"href":"https:\/\/www.artmapdesign.com\/en\/wp-json\/wp\/v2\/product_tag?post=178"}],"curies":[{"name":"wp","href":"https:\/\/api.w.org\/{rel}","templated":true}]}}