{"id":270,"date":"2017-11-21T11:37:02","date_gmt":"2017-11-21T10:37:02","guid":{"rendered":"http:\/\/www.wp.artmapdesign.com\/produit\/affiche-poster-marcq-en-baroeul-france-minimalist-map\/"},"modified":"2023-09-09T16:47:30","modified_gmt":"2023-09-09T14:47:30","slug":"affiche-poster-marcq-en-baroeul-france-minimalist-map","status":"publish","type":"product","link":"https:\/\/www.artmapdesign.com\/en\/product\/affiche-poster-marcq-en-baroeul-france-minimalist-map\/","title":{"rendered":"Affiche Poster Marcq-en-Baroeul France Minimalist Map"},"content":{"rendered":"<p class=\"p1\"><span class=\"s1\"><b>Poster Mural Marcq-en-Baroeul City Map<\/b><\/span><\/p>\n<p class=\"p3\"><span class=\"s1\">Cette carte est r\u00e9alis\u00e9e avec les rues de la ville. Ce sont les\u00a0rues qui repr\u00e9sentent la plus grande quantit\u00e9 de l&rsquo;espace public dans une ville. Ces cartes modernes illustrent la beaut\u00e9 qui r\u00e9sulte de la construction de la ville. L&rsquo;affiche <\/span><span class=\"s1\"><span class=\"s1\">Marcq-en-Baroeul minimalist<\/span> Map illustre la g\u00e9ographie et les motifs de cette ville.<\/span><\/p>\n<p class=\"p1\"><span class=\"s1\"><b>D\u00e9coration murale<\/b><\/span><\/p>\n<p class=\"p3\"><span class=\"s1\">Ce poster moderne et original s&rsquo;adaptera \u00e0 votre d\u00e9cor, pour la maison ou au bureau et surtout apportera une touche d&rsquo;originalit\u00e9 \u00e0 vos murs.<\/span><\/p>\n<p class=\"p3\"><span class=\"s1\">Cette carte City map a \u00e9t\u00e9 cr\u00e9\u00e9e pour les gens qui aiment l&rsquo;architecture moderne et le look\u00a0minimalist\u00a0\/ contemporain.<\/span><\/p>\n<p class=\"p3\"><span class=\"s1\"><b>A la recherche d&rsquo;un cadeau anniversaire original !<\/b><\/span><\/p>\n<p class=\"p3\"><span class=\"s1\">Ce\u00a0cadeau\u00a0sera\u00a0id\u00e9al\u00a0pour vous d\u00e9marquer des autres et il plaira \u00e0 tous les passionn\u00e9s de voyage.<\/span><\/p>","protected":false},"excerpt":{"rendered":"<p><strong>L&rsquo;affiche City Map Marcq-en-Baroeul Minimalist Map est une cr\u00e9ation originale de Artmap Design.<\/strong><\/p>","protected":false},"featured_media":3128,"comment_status":"open","ping_status":"closed","template":"","meta":[],"product_brand":[],"product_cat":[314,315,30,36],"product_tag":[209],"class_list":{"0":"post-270","1":"product","2":"type-product","3":"status-publish","4":"has-post-thumbnail","6":"product_cat-voyage","7":"product_cat-city-map","8":"product_cat-europe","9":"product_cat-france","10":"product_tag-minimalist","12":"first","13":"instock","14":"shipping-taxable","15":"product-type-variable","16":"has-default-attributes","17":"layout-style-2","18":"col-md-4 col-sm-4 col-xs-6","19":"col-lg-4","20":"product-style-addtocart"},"aioseo_notices":[],"_links":{"self":[{"href":"https:\/\/www.artmapdesign.com\/en\/wp-json\/wp\/v2\/product\/270","targetHints":{"allow":["GET"]}}],"collection":[{"href":"https:\/\/www.artmapdesign.com\/en\/wp-json\/wp\/v2\/product"}],"about":[{"href":"https:\/\/www.artmapdesign.com\/en\/wp-json\/wp\/v2\/types\/product"}],"replies":[{"embeddable":true,"href":"https:\/\/www.artmapdesign.com\/en\/wp-json\/wp\/v2\/comments?post=270"}],"wp:featuredmedia":[{"embeddable":true,"href":"https:\/\/www.artmapdesign.com\/en\/wp-json\/wp\/v2\/media\/3128"}],"wp:attachment":[{"href":"https:\/\/www.artmapdesign.com\/en\/wp-json\/wp\/v2\/media?parent=270"}],"wp:term":[{"taxonomy":"product_brand","embeddable":true,"href":"https:\/\/www.artmapdesign.com\/en\/wp-json\/wp\/v2\/product_brand?post=270"},{"taxonomy":"product_cat","embeddable":true,"href":"https:\/\/www.artmapdesign.com\/en\/wp-json\/wp\/v2\/product_cat?post=270"},{"taxonomy":"product_tag","embeddable":true,"href":"https:\/\/www.artmapdesign.com\/en\/wp-json\/wp\/v2\/product_tag?post=270"}],"curies":[{"name":"wp","href":"https:\/\/api.w.org\/{rel}","templated":true}]}}