{"id":498,"date":"2020-03-22T08:36:58","date_gmt":"2020-03-22T07:36:58","guid":{"rendered":"http:\/\/www.wp.artmapdesign.com\/produit\/affiche-poster-dallas-usa-minimalist-map\/"},"modified":"2023-09-15T15:27:16","modified_gmt":"2023-09-15T13:27:16","slug":"affiche-poster-dallas-usa-minimalist-map","status":"publish","type":"product","link":"https:\/\/www.artmapdesign.com\/en\/product\/affiche-poster-dallas-usa-minimalist-map\/","title":{"rendered":"Affiche Poster Dallas USA Minimalist Map"},"content":{"rendered":"<p class=\"p1\"><span class=\"s1\"><b>Poster Mural <\/b><\/span><b>Dallas USA<\/b><span class=\"s1\"><b> City Map<\/b><\/span><\/p>\n<p class=\"p3\"><span class=\"s1\">Cette carte est r\u00e9alis\u00e9e avec les rues de la ville. Ce sont les\u00a0rues qui repr\u00e9sentent la plus grande quantit\u00e9 de l&rsquo;espace public dans une ville. Ces cartes modernes illustrent la beaut\u00e9 qui r\u00e9sulte de la construction de la ville. L&rsquo;affiche <\/span><b>Dallas USA<\/b><span class=\"s1\"><b> City Map <\/b>Minimalist Map illustre la g\u00e9ographie et les motifs de cette ville.<\/span><\/p>\n<p class=\"p1\"><span class=\"s1\"><b>D\u00e9coration murale<\/b><\/span><\/p>\n<p class=\"p3\"><span class=\"s1\">Ce poster moderne et original s&rsquo;adaptera \u00e0 votre d\u00e9cor, pour la maison ou au bureau et surtout apportera une touche d&rsquo;originalit\u00e9 \u00e0 vos murs.<\/span><\/p>\n<p class=\"p3\"><span class=\"s1\">Cette carte City map a \u00e9t\u00e9 cr\u00e9\u00e9e pour les gens qui aiment l&rsquo;architecture moderne et le look\u00a0minimalist\u00a0\/ contemporain.<\/span><\/p>\n<p class=\"p3\"><span class=\"s1\"><b>A la recherche d&rsquo;un cadeau anniversaire original !<\/b><\/span><\/p>\n<p class=\"p3\"><span class=\"s1\">Ce\u00a0cadeau\u00a0sera\u00a0id\u00e9al\u00a0pour vous d\u00e9marquer des autres et il plaira \u00e0 tous les passionn\u00e9s de voyage.<\/span><\/p>","protected":false},"excerpt":{"rendered":"<p><b>L&rsquo;affiche City Map Dallas USA Minimalist Map est une cr\u00e9ation originale de Artmap Design.<\/b><\/p>\n<p>&nbsp;<\/p>","protected":false},"featured_media":1981,"comment_status":"open","ping_status":"closed","template":"","meta":[],"product_brand":[],"product_cat":[314,315,32,74],"product_tag":[209],"class_list":{"0":"post-498","1":"product","2":"type-product","3":"status-publish","4":"has-post-thumbnail","6":"product_cat-voyage","7":"product_cat-city-map","8":"product_cat-amerique","9":"product_cat-etats-unis","10":"product_tag-minimalist","12":"first","13":"instock","14":"shipping-taxable","15":"purchasable","16":"product-type-variable","17":"has-default-attributes","18":"layout-style-2","19":"col-md-4 col-sm-4 col-xs-6","20":"col-lg-4","21":"product-style-addtocart"},"aioseo_notices":[],"_links":{"self":[{"href":"https:\/\/www.artmapdesign.com\/en\/wp-json\/wp\/v2\/product\/498","targetHints":{"allow":["GET"]}}],"collection":[{"href":"https:\/\/www.artmapdesign.com\/en\/wp-json\/wp\/v2\/product"}],"about":[{"href":"https:\/\/www.artmapdesign.com\/en\/wp-json\/wp\/v2\/types\/product"}],"replies":[{"embeddable":true,"href":"https:\/\/www.artmapdesign.com\/en\/wp-json\/wp\/v2\/comments?post=498"}],"wp:featuredmedia":[{"embeddable":true,"href":"https:\/\/www.artmapdesign.com\/en\/wp-json\/wp\/v2\/media\/1981"}],"wp:attachment":[{"href":"https:\/\/www.artmapdesign.com\/en\/wp-json\/wp\/v2\/media?parent=498"}],"wp:term":[{"taxonomy":"product_brand","embeddable":true,"href":"https:\/\/www.artmapdesign.com\/en\/wp-json\/wp\/v2\/product_brand?post=498"},{"taxonomy":"product_cat","embeddable":true,"href":"https:\/\/www.artmapdesign.com\/en\/wp-json\/wp\/v2\/product_cat?post=498"},{"taxonomy":"product_tag","embeddable":true,"href":"https:\/\/www.artmapdesign.com\/en\/wp-json\/wp\/v2\/product_tag?post=498"}],"curies":[{"name":"wp","href":"https:\/\/api.w.org\/{rel}","templated":true}]}}