{"id":504,"date":"2020-03-27T08:49:22","date_gmt":"2020-03-27T07:49:22","guid":{"rendered":"http:\/\/www.wp.artmapdesign.com\/produit\/affiche-poster-wroclaw-pologne-minimalist-map\/"},"modified":"2023-09-15T15:51:05","modified_gmt":"2023-09-15T13:51:05","slug":"affiche-poster-wroclaw-pologne-minimalist-map","status":"publish","type":"product","link":"https:\/\/www.artmapdesign.com\/en\/product\/affiche-poster-wroclaw-pologne-minimalist-map\/","title":{"rendered":"Affiche Poster Wroclaw Pologne Minimalist Map"},"content":{"rendered":"<p class=\"p1\"><span class=\"s1\"><b>Poster Mural Wroclaw City Map<\/b><\/span><\/p>\n<p class=\"p3\"><span class=\"s1\">Cette carte est r\u00e9alis\u00e9e avec les rues de la ville. Ce sont les\u00a0rues qui repr\u00e9sentent la plus grande quantit\u00e9 de l&rsquo;espace public dans une ville. Ces cartes modernes illustrent la beaut\u00e9 qui r\u00e9sulte de la construction de la ville. L&rsquo;affiche <\/span><span class=\"s1\"><span class=\"s1\"><b>Wroclaw<\/b><\/span> Minimalist Map\u00a0montre la g\u00e9ographie et les motifs de cette ville.<\/span><\/p>\n<p class=\"p1\"><span class=\"s1\"><b>D\u00e9coration murale<\/b><\/span><\/p>\n<p class=\"p3\"><span class=\"s1\">Ce poster moderne et original s&rsquo;adaptera \u00e0 votre d\u00e9cor, pour la maison ou au bureau et surtout apportera une touche d&rsquo;originalit\u00e9 \u00e0 vos murs.<\/span><\/p>\n<p class=\"p3\"><span class=\"s1\">Cette carte City map a \u00e9t\u00e9 cr\u00e9\u00e9e pour les gens qui aiment l&rsquo;architecture moderne et le look\u00a0minimalist\u00a0\/ contemporain.<\/span><\/p>\n<p class=\"p3\"><span class=\"s1\"><b>A la recherche d&rsquo;un cadeau anniversaire original !<\/b><\/span><\/p>\n<p><span class=\"s1\">Ce\u00a0cadeau\u00a0sera\u00a0id\u00e9al\u00a0pour vous d\u00e9marquer des autres et il plaira \u00e0 tous les passionn\u00e9s de voyage.\u00a0Ce poster mural sera parfait pour votre d\u00e9coration murale moderne et minimaliste.<\/span><i><\/i><\/p>\n<p class=\"p4\">","protected":false},"excerpt":{"rendered":"<h3><strong>L&rsquo;affiche City Map Wroclaw Minimalist est une cr\u00e9ation originale de Artmap Design.<\/strong><\/h3>\n<p>&nbsp;<\/p>","protected":false},"featured_media":1934,"comment_status":"open","ping_status":"closed","template":"","meta":[],"product_brand":[],"product_cat":[314,315,30,112],"product_tag":[245,246,244,243],"class_list":{"0":"post-504","1":"product","2":"type-product","3":"status-publish","4":"has-post-thumbnail","6":"product_cat-voyage","7":"product_cat-city-map","8":"product_cat-europe","9":"product_cat-pologne","10":"product_tag-brassel","11":"product_tag-breslau","12":"product_tag-vratislavie","13":"product_tag-wroclaw","15":"first","16":"instock","17":"shipping-taxable","18":"purchasable","19":"product-type-variable","20":"has-default-attributes","21":"layout-style-2","22":"col-md-4 col-sm-4 col-xs-6","23":"col-lg-4","24":"product-style-addtocart"},"aioseo_notices":[],"_links":{"self":[{"href":"https:\/\/www.artmapdesign.com\/en\/wp-json\/wp\/v2\/product\/504","targetHints":{"allow":["GET"]}}],"collection":[{"href":"https:\/\/www.artmapdesign.com\/en\/wp-json\/wp\/v2\/product"}],"about":[{"href":"https:\/\/www.artmapdesign.com\/en\/wp-json\/wp\/v2\/types\/product"}],"replies":[{"embeddable":true,"href":"https:\/\/www.artmapdesign.com\/en\/wp-json\/wp\/v2\/comments?post=504"}],"wp:featuredmedia":[{"embeddable":true,"href":"https:\/\/www.artmapdesign.com\/en\/wp-json\/wp\/v2\/media\/1934"}],"wp:attachment":[{"href":"https:\/\/www.artmapdesign.com\/en\/wp-json\/wp\/v2\/media?parent=504"}],"wp:term":[{"taxonomy":"product_brand","embeddable":true,"href":"https:\/\/www.artmapdesign.com\/en\/wp-json\/wp\/v2\/product_brand?post=504"},{"taxonomy":"product_cat","embeddable":true,"href":"https:\/\/www.artmapdesign.com\/en\/wp-json\/wp\/v2\/product_cat?post=504"},{"taxonomy":"product_tag","embeddable":true,"href":"https:\/\/www.artmapdesign.com\/en\/wp-json\/wp\/v2\/product_tag?post=504"}],"curies":[{"name":"wp","href":"https:\/\/api.w.org\/{rel}","templated":true}]}}