{"id":5434,"date":"2023-10-11T14:45:19","date_gmt":"2023-10-11T12:45:19","guid":{"rendered":"https:\/\/www.artmapdesign.com\/?post_type=product&#038;p=5434"},"modified":"2023-10-16T15:11:18","modified_gmt":"2023-10-16T13:11:18","slug":"calendrier-fruits-legumes-de-saison-version-numerique-pdf","status":"publish","type":"product","link":"https:\/\/www.artmapdesign.com\/en\/product\/calendrier-fruits-legumes-de-saison-version-numerique-pdf\/","title":{"rendered":"Calendrier Fruits &#038; L\u00e9gumes de saison &#8211; Version num\u00e9rique PDF"},"content":{"rendered":"<p>Calendrier Fruits et L\u00e9gumes de saison en version num\u00e9rique PDF \u00e0 t\u00e9l\u00e9charger.<\/p>\n<p>Pour avoir le calendrier toujours sur soi.<\/p>","protected":false},"excerpt":{"rendered":"<p><strong>Calendrier Fruits &amp; L\u00e9gumes &#8211; Cr\u00e9ation Originale<\/strong><\/p>","protected":false},"featured_media":5437,"comment_status":"open","ping_status":"closed","template":"","meta":[],"product_brand":[],"product_cat":[28],"product_tag":[190,189],"class_list":{"0":"post-5434","1":"product","2":"type-product","3":"status-publish","4":"has-post-thumbnail","6":"product_cat-gastronomie","7":"product_tag-cuisine","8":"product_tag-gastronomie","10":"first","11":"instock","12":"downloadable","13":"virtual","14":"purchasable","15":"product-type-simple","16":"layout-style-2","17":"col-md-4 col-sm-4 col-xs-6","18":"col-lg-4","19":"product-has-gallery","20":"product-style-addtocart"},"aioseo_notices":[],"_links":{"self":[{"href":"https:\/\/www.artmapdesign.com\/en\/wp-json\/wp\/v2\/product\/5434","targetHints":{"allow":["GET"]}}],"collection":[{"href":"https:\/\/www.artmapdesign.com\/en\/wp-json\/wp\/v2\/product"}],"about":[{"href":"https:\/\/www.artmapdesign.com\/en\/wp-json\/wp\/v2\/types\/product"}],"replies":[{"embeddable":true,"href":"https:\/\/www.artmapdesign.com\/en\/wp-json\/wp\/v2\/comments?post=5434"}],"wp:featuredmedia":[{"embeddable":true,"href":"https:\/\/www.artmapdesign.com\/en\/wp-json\/wp\/v2\/media\/5437"}],"wp:attachment":[{"href":"https:\/\/www.artmapdesign.com\/en\/wp-json\/wp\/v2\/media?parent=5434"}],"wp:term":[{"taxonomy":"product_brand","embeddable":true,"href":"https:\/\/www.artmapdesign.com\/en\/wp-json\/wp\/v2\/product_brand?post=5434"},{"taxonomy":"product_cat","embeddable":true,"href":"https:\/\/www.artmapdesign.com\/en\/wp-json\/wp\/v2\/product_cat?post=5434"},{"taxonomy":"product_tag","embeddable":true,"href":"https:\/\/www.artmapdesign.com\/en\/wp-json\/wp\/v2\/product_tag?post=5434"}],"curies":[{"name":"wp","href":"https:\/\/api.w.org\/{rel}","templated":true}]}}