{"id":605,"date":"2020-05-04T11:59:46","date_gmt":"2020-05-04T09:59:46","guid":{"rendered":"http:\/\/www.wp.artmapdesign.com\/produit\/affiche-poster-buffalo-new-york-usa-minimalist-map\/"},"modified":"2023-08-14T19:56:13","modified_gmt":"2023-08-14T17:56:13","slug":"affiche-poster-buffalo-new-york-usa-minimalist-map","status":"publish","type":"product","link":"https:\/\/www.artmapdesign.com\/en\/product\/affiche-poster-buffalo-new-york-usa-minimalist-map\/","title":{"rendered":"Affiche Poster Buffalo New York USA Minimalist Map"},"content":{"rendered":"<p class=\"p1\"><span class=\"s1\"><b>Poster Mural Buffalo City Map<\/b><\/span><\/p>\n<p class=\"p3\"><span class=\"s1\">Cette carte est r\u00e9alis\u00e9e avec les rues de la ville. Ce sont les\u00a0rues qui repr\u00e9sentent la plus grande quantit\u00e9 de l&rsquo;espace public dans une ville. Ces cartes modernes illustrent la beaut\u00e9 qui r\u00e9sulte de la construction de la ville. L&rsquo;affiche Buffalo Minimalist Map\u00a0montre la g\u00e9ographie et les motifs de cette ville.<\/span><\/p>\n<p class=\"p1\"><span class=\"s1\"><b>D\u00e9coration murale<\/b><\/span><\/p>\n<p class=\"p3\"><span class=\"s1\">Ce poster moderne et original s&rsquo;adaptera \u00e0 votre d\u00e9cor, pour la maison ou au bureau et surtout apportera une touche d&rsquo;originalit\u00e9 \u00e0 vos murs.<\/span><\/p>\n<p class=\"p3\"><span class=\"s1\">Cette carte City map a \u00e9t\u00e9 cr\u00e9\u00e9e pour les gens qui aiment l&rsquo;architecture moderne et le look\u00a0minimalist\u00a0\/ contemporain.<\/span><\/p>\n<p class=\"p3\"><span class=\"s1\"><b>A la recherche d&rsquo;un cadeau anniversaire original !<\/b><\/span><\/p>\n<p><span class=\"s1\">Ce\u00a0cadeau\u00a0sera\u00a0id\u00e9al\u00a0pour vous d\u00e9marquer des autres et il plaira \u00e0 tous les passionn\u00e9s de voyage.\u00a0Ce poster mural sera parfait pour votre d\u00e9coration murale moderne et minimaliste.<\/span><i><i><\/i><\/i><\/p>\n<p class=\"p3\"><span class=\"s1\">Produit imprim\u00e9 \u00e0 la commande en\u00a0France\u00a0sous de hauts standards de qualit\u00e9.<b>\u00a0Made in France<\/b>\u00a0de la conception \u00e0 l\u2019impression.<\/span><\/p>\n<p>Les maisons les plus int\u00e9ressantes sont celles qui expriment la personnalit\u00e9 de celles et ceux qui les occupent. Ici, tu trouveras des affiches qui refl\u00e8tent tes envies, tes r\u00eaves et tes id\u00e9es. Et nous serons heureux de t\u2019aider \u00e0 d\u00e9nicher ce qui te conviendra le mieux.<\/p>","protected":false},"excerpt":{"rendered":"<h3>L&rsquo;affiche City Map Buffalo Minimalist est une cr\u00e9ation originale de Artmap Design.<\/h3>\n<p>\u2713 Impression sur papier premium 200g\/m2<br \/>\n\u2713 Livraison sous enveloppe ou tube cartonn\u00e9 avec num\u00e9ro de suivi<\/p>","protected":false},"featured_media":1134,"comment_status":"open","ping_status":"closed","template":"","meta":[],"product_brand":[],"product_cat":[32,74],"product_tag":[],"class_list":{"0":"post-605","1":"product","2":"type-product","3":"status-publish","4":"has-post-thumbnail","6":"product_cat-amerique","7":"product_cat-etats-unis","9":"first","10":"instock","11":"shipping-taxable","12":"purchasable","13":"product-type-variable","14":"layout-style-2","15":"col-md-4 col-sm-4 col-xs-6","16":"col-lg-4","17":"product-style-addtocart"},"aioseo_notices":[],"_links":{"self":[{"href":"https:\/\/www.artmapdesign.com\/en\/wp-json\/wp\/v2\/product\/605","targetHints":{"allow":["GET"]}}],"collection":[{"href":"https:\/\/www.artmapdesign.com\/en\/wp-json\/wp\/v2\/product"}],"about":[{"href":"https:\/\/www.artmapdesign.com\/en\/wp-json\/wp\/v2\/types\/product"}],"replies":[{"embeddable":true,"href":"https:\/\/www.artmapdesign.com\/en\/wp-json\/wp\/v2\/comments?post=605"}],"wp:featuredmedia":[{"embeddable":true,"href":"https:\/\/www.artmapdesign.com\/en\/wp-json\/wp\/v2\/media\/1134"}],"wp:attachment":[{"href":"https:\/\/www.artmapdesign.com\/en\/wp-json\/wp\/v2\/media?parent=605"}],"wp:term":[{"taxonomy":"product_brand","embeddable":true,"href":"https:\/\/www.artmapdesign.com\/en\/wp-json\/wp\/v2\/product_brand?post=605"},{"taxonomy":"product_cat","embeddable":true,"href":"https:\/\/www.artmapdesign.com\/en\/wp-json\/wp\/v2\/product_cat?post=605"},{"taxonomy":"product_tag","embeddable":true,"href":"https:\/\/www.artmapdesign.com\/en\/wp-json\/wp\/v2\/product_tag?post=605"}],"curies":[{"name":"wp","href":"https:\/\/api.w.org\/{rel}","templated":true}]}}