{"id":626,"date":"2020-07-06T17:52:01","date_gmt":"2020-07-06T15:52:01","guid":{"rendered":"http:\/\/www.wp.artmapdesign.com\/produit\/calendrier-fruits-legumes-creation-originale\/"},"modified":"2023-06-20T10:40:52","modified_gmt":"2023-06-20T08:40:52","slug":"calendrier-fruits-legumes-creation-originale","status":"publish","type":"product","link":"https:\/\/www.artmapdesign.com\/en\/product\/calendrier-fruits-legumes-creation-originale\/","title":{"rendered":"Calendrier Fruits &#038; L\u00e9gumes de saison &#8211; Cr\u00e9ation Originale"},"content":{"rendered":"<p><span class=\"wbreak\">Ce calendrier arrivera dans un \u00e9tat parfait chez vous et rejoindra votre domicile. <\/span><\/p>\n<ul style=\"list-style-type: circle;\">\n<li><span class=\"wbreak\">IMPRESSION DE QUALIT\u00c9: 13 pages (1 page de garde + 12 pages mois) 250g\/m2 sur du papier premium 21 x 15 cm<\/span><\/li>\n<li><span class=\"wbreak\">FACILE A UTILISER: Le calendrier a un socle qui permet de le poser et de tourner les pages chaque mois.<\/span><\/li>\n<li><span class=\"wbreak\">CALENDRIER PERPETUEL: Utile ann\u00e9e apr\u00e8s ann\u00e9e.<\/span><\/li>\n<li><span class=\"wbreak\">UN CADEAU ORIGINAL : pour tout ceux et celles qui veulent se nourrir de saison. Id\u00e9al pour choisir ses fruits et l\u00e9gumes en hiver, au printemps, en \u00e9t\u00e9 et en automne<\/span><\/li>\n<\/ul>\n<p>&nbsp;<\/p>","protected":false},"excerpt":{"rendered":"<p><strong>Calendrier Fruits &amp; L\u00e9gumes &#8211; Cr\u00e9ation Originale<\/strong><\/p>\n<p>Calendrier chevalet perp\u00e9tuel 21 x 15 cm<\/p>","protected":false},"featured_media":967,"comment_status":"open","ping_status":"closed","template":"","meta":[],"product_brand":[],"product_cat":[28],"product_tag":[190,189],"class_list":{"0":"post-626","1":"product","2":"type-product","3":"status-publish","4":"has-post-thumbnail","6":"product_cat-gastronomie","7":"product_tag-cuisine","8":"product_tag-gastronomie","10":"first","11":"instock","12":"shipping-taxable","13":"purchasable","14":"product-type-simple","15":"layout-style-2","16":"col-md-4 col-sm-4 col-xs-6","17":"col-lg-4","18":"product-has-gallery","19":"product-style-addtocart"},"aioseo_notices":[],"_links":{"self":[{"href":"https:\/\/www.artmapdesign.com\/en\/wp-json\/wp\/v2\/product\/626","targetHints":{"allow":["GET"]}}],"collection":[{"href":"https:\/\/www.artmapdesign.com\/en\/wp-json\/wp\/v2\/product"}],"about":[{"href":"https:\/\/www.artmapdesign.com\/en\/wp-json\/wp\/v2\/types\/product"}],"replies":[{"embeddable":true,"href":"https:\/\/www.artmapdesign.com\/en\/wp-json\/wp\/v2\/comments?post=626"}],"wp:featuredmedia":[{"embeddable":true,"href":"https:\/\/www.artmapdesign.com\/en\/wp-json\/wp\/v2\/media\/967"}],"wp:attachment":[{"href":"https:\/\/www.artmapdesign.com\/en\/wp-json\/wp\/v2\/media?parent=626"}],"wp:term":[{"taxonomy":"product_brand","embeddable":true,"href":"https:\/\/www.artmapdesign.com\/en\/wp-json\/wp\/v2\/product_brand?post=626"},{"taxonomy":"product_cat","embeddable":true,"href":"https:\/\/www.artmapdesign.com\/en\/wp-json\/wp\/v2\/product_cat?post=626"},{"taxonomy":"product_tag","embeddable":true,"href":"https:\/\/www.artmapdesign.com\/en\/wp-json\/wp\/v2\/product_tag?post=626"}],"curies":[{"name":"wp","href":"https:\/\/api.w.org\/{rel}","templated":true}]}}