{"id":628,"date":"2020-07-23T19:13:34","date_gmt":"2020-07-23T17:13:34","guid":{"rendered":"http:\/\/www.wp.artmapdesign.com\/produit\/affiche-poster-monterrey-mexique-minimalist-map\/"},"modified":"2023-08-14T09:19:14","modified_gmt":"2023-08-14T07:19:14","slug":"affiche-poster-monterrey-mexique-minimalist-map","status":"publish","type":"product","link":"https:\/\/www.artmapdesign.com\/en\/product\/affiche-poster-monterrey-mexique-minimalist-map\/","title":{"rendered":"Affiche Poster Monterrey Mexique Minimalist Map"},"content":{"rendered":"<p class=\"p1\" style=\"text-align: left;\"><span class=\"s1\"><b>Poster Mural Monterrey Mexique<\/b><\/span><b><\/b><span class=\"s1\"><b> City Map<\/b><\/span><\/p>\n<p class=\"p3\" style=\"text-align: left;\"><span class=\"s1\">Cette carte est r\u00e9alis\u00e9e avec les rues de la ville. Ce sont les\u00a0rues qui repr\u00e9sentent la plus grande quantit\u00e9 de l&rsquo;espace public dans une ville. Ces cartes modernes illustrent la beaut\u00e9 qui r\u00e9sulte de la construction de la ville. L&rsquo;affiche <b>Monterrey Mexique<\/b><\/span><span class=\"s1\"><b> City Map<\/b><\/span><\/p>\n<p class=\"p3\" style=\"text-align: left;\"><span class=\"s1\">\u00a0Minimalist Map illustre la g\u00e9ographie et les motifs de cette ville.<\/span><\/p>\n<p class=\"p1\" style=\"text-align: left;\"><span class=\"s1\"><b>D\u00e9coration murale<\/b><\/span><\/p>\n<p class=\"p3\" style=\"text-align: left;\"><span class=\"s1\">Ce poster moderne et original s&rsquo;adaptera \u00e0 votre d\u00e9cor, pour la maison ou au bureau et surtout apportera une touche d&rsquo;originalit\u00e9 \u00e0 vos murs.<\/span><\/p>\n<p class=\"p3\" style=\"text-align: left;\"><span class=\"s1\">Cette carte City map a \u00e9t\u00e9 cr\u00e9\u00e9e pour les gens qui aiment l&rsquo;architecture moderne et le look\u00a0minimalist\u00a0\/ contemporain.<\/span><\/p>\n<p class=\"p3\" style=\"text-align: left;\"><span class=\"s1\"><b>A la recherche d&rsquo;un cadeau anniversaire original !<\/b><\/span><\/p>\n<p class=\"p3\" style=\"text-align: left;\"><span class=\"s1\">Ce\u00a0cadeau\u00a0sera\u00a0id\u00e9al\u00a0pour vous d\u00e9marquer des autres et il plaira \u00e0 tous les passionn\u00e9s de voyage.<\/span><\/p>\n<p class=\"p3\"><span class=\"s1\">Produit imprim\u00e9 \u00e0 la commande en\u00a0France\u00a0sous de hauts standards de qualit\u00e9.<b>\u00a0Made in France<\/b>\u00a0de la conception \u00e0 l\u2019impression.<\/span><\/p>\n<p>Les maisons les plus int\u00e9ressantes sont celles qui expriment la personnalit\u00e9 de celles et ceux qui les occupent. Ici, tu trouveras des affiches qui refl\u00e8tent tes envies, tes r\u00eaves et tes id\u00e9es. Et nous serons heureux de t\u2019aider \u00e0 d\u00e9nicher ce qui te conviendra le mieux.<\/p>","protected":false},"excerpt":{"rendered":"<p style=\"text-align: left;\"><b>L&rsquo;affiche City Map Monterrey Mexique Minimalist Map est une cr\u00e9ation originale de Artmap Design.<\/b><\/p>\n<p style=\"text-align: left;\">\u2713 Impression sur papier premium 200g\/m2<br \/>\n\u2713 Livraison sous enveloppe ou tube cartonn\u00e9 avec num\u00e9ro de suivi<\/p>\n<hr \/>\n<p><strong>Livraison<\/strong> entre 2 et 4 jours ouvr\u00e9s en France \/ 3 \u00e0 15 jours ouvr\u00e9s en Europe.<strong><br \/>\n<\/strong><\/p>\n<hr \/>\n<p>&nbsp;<\/p>","protected":false},"featured_media":900,"comment_status":"open","ping_status":"closed","template":"","meta":[],"product_brand":[],"product_cat":[32,82],"product_tag":[209],"class_list":{"0":"post-628","1":"product","2":"type-product","3":"status-publish","4":"has-post-thumbnail","6":"product_cat-amerique","7":"product_cat-mexique","8":"product_tag-minimalist","10":"first","11":"instock","12":"shipping-taxable","13":"purchasable","14":"product-type-variable","15":"layout-style-2","16":"col-md-4 col-sm-4 col-xs-6","17":"col-lg-4","18":"product-style-addtocart"},"aioseo_notices":[],"_links":{"self":[{"href":"https:\/\/www.artmapdesign.com\/en\/wp-json\/wp\/v2\/product\/628","targetHints":{"allow":["GET"]}}],"collection":[{"href":"https:\/\/www.artmapdesign.com\/en\/wp-json\/wp\/v2\/product"}],"about":[{"href":"https:\/\/www.artmapdesign.com\/en\/wp-json\/wp\/v2\/types\/product"}],"replies":[{"embeddable":true,"href":"https:\/\/www.artmapdesign.com\/en\/wp-json\/wp\/v2\/comments?post=628"}],"wp:featuredmedia":[{"embeddable":true,"href":"https:\/\/www.artmapdesign.com\/en\/wp-json\/wp\/v2\/media\/900"}],"wp:attachment":[{"href":"https:\/\/www.artmapdesign.com\/en\/wp-json\/wp\/v2\/media?parent=628"}],"wp:term":[{"taxonomy":"product_brand","embeddable":true,"href":"https:\/\/www.artmapdesign.com\/en\/wp-json\/wp\/v2\/product_brand?post=628"},{"taxonomy":"product_cat","embeddable":true,"href":"https:\/\/www.artmapdesign.com\/en\/wp-json\/wp\/v2\/product_cat?post=628"},{"taxonomy":"product_tag","embeddable":true,"href":"https:\/\/www.artmapdesign.com\/en\/wp-json\/wp\/v2\/product_tag?post=628"}],"curies":[{"name":"wp","href":"https:\/\/api.w.org\/{rel}","templated":true}]}}