{"id":630,"date":"2020-07-24T09:40:35","date_gmt":"2020-07-24T07:40:35","guid":{"rendered":"http:\/\/www.wp.artmapdesign.com\/produit\/affiche-poster-belle-ile-en-mer-france-minimalist-map\/"},"modified":"2023-10-16T15:16:31","modified_gmt":"2023-10-16T13:16:31","slug":"affiche-poster-belle-ile-en-mer-france-minimalist-map","status":"publish","type":"product","link":"https:\/\/www.artmapdesign.com\/en\/product\/affiche-poster-belle-ile-en-mer-france-minimalist-map\/","title":{"rendered":"Affiche Belle-\u00eele-en-mer France Minimalist Map"},"content":{"rendered":"<p class=\"p1\"><span class=\"s1\"><b>Affiche Belle-\u00eele-en-mer City Map<\/b><\/span><\/p>\n<p class=\"p3\"><span class=\"s1\">Cette carte est r\u00e9alis\u00e9e avec les rues de la ville. Ce sont les\u00a0rues qui repr\u00e9sentent la plus grande quantit\u00e9 de l&rsquo;espace public dans une ville. L&rsquo;affiche Belle-\u00eele-en-mer Minimalist Map illustre la g\u00e9ographie et les motifs de cette ville.<\/span><\/p>\n<p class=\"p1\"><span class=\"s1\"><b>D\u00e9coration murale<\/b><\/span><\/p>\n<p class=\"p3\"><span class=\"s1\">Ce poster moderne et original s&rsquo;adaptera \u00e0 votre d\u00e9cor, pour la maison ou au bureau et surtout apportera une touche d&rsquo;originalit\u00e9 \u00e0 vos murs.<\/span><\/p>\n<p class=\"p3\"><span class=\"s1\">Cette carte City map a \u00e9t\u00e9 cr\u00e9\u00e9e pour les gens qui aiment l&rsquo;architecture moderne et le look\u00a0minimalist\u00a0\/ contemporain.<\/span><\/p>\n<p class=\"p3\"><span class=\"s1\"><b>A la recherche d&rsquo;un cadeau anniversaire original !<\/b><\/span><\/p>\n<p class=\"p3\"><span class=\"s1\">L&rsquo;affiche Belle-\u00eele-en-mer sera un cadeau id\u00e9al pour vous d\u00e9marquer des autres et il plaira \u00e0 tous les passionn\u00e9s de voyage.<\/span><\/p>\n<p class=\"p3\"><span class=\"s1\">Produit imprim\u00e9 \u00e0 la commande en\u00a0France\u00a0sous de hauts standards de qualit\u00e9.<b>\u00a0Made in France<\/b>\u00a0de la conception \u00e0 l&rsquo;impression.<\/span><\/p>\n<p>Les maisons les plus int\u00e9ressantes sont celles qui expriment la personnalit\u00e9 de celles et ceux qui les occupent. Ici, tu trouveras des affiches qui refl\u00e8tent tes envies, tes r\u00eaves et tes id\u00e9es. Et nous serons heureux de t\u2019aider \u00e0 d\u00e9nicher ce qui te conviendra le mieux.<\/p>\n<p class=\"p4\"><span class=\"s1\"><i><span class=\"s1\">\u00a0Retrouvez toutes les villes de <a title=\"Categories\" href=\"https:\/\/www.wp.artmapdesign.com\/shop\/categories\/\">France<\/a>, d&rsquo;Europe et du Monde.<br \/>\n<\/span><\/i><\/span><\/p>\n<p>&nbsp;<\/p>","protected":false},"excerpt":{"rendered":"<p><strong>Affiche City Map Belle-\u00eele-en-mer Minimalist.<\/strong><\/p>\n<p>\u2713 Impression sur papier premium 200g\/m2<br \/>\n\u2713 Livraison sous enveloppe ou tube cartonn\u00e9 avec num\u00e9ro de suivi<\/p>","protected":false},"featured_media":956,"comment_status":"closed","ping_status":"closed","template":"","meta":[],"product_brand":[],"product_cat":[30,36],"product_tag":[],"class_list":{"0":"post-630","1":"product","2":"type-product","3":"status-publish","4":"has-post-thumbnail","6":"product_cat-europe","7":"product_cat-france","9":"first","10":"instock","11":"shipping-taxable","12":"purchasable","13":"product-type-variable","14":"has-default-attributes","15":"layout-style-2","16":"col-md-4 col-sm-4 col-xs-6","17":"col-lg-4","18":"product-style-addtocart"},"aioseo_notices":[],"_links":{"self":[{"href":"https:\/\/www.artmapdesign.com\/en\/wp-json\/wp\/v2\/product\/630","targetHints":{"allow":["GET"]}}],"collection":[{"href":"https:\/\/www.artmapdesign.com\/en\/wp-json\/wp\/v2\/product"}],"about":[{"href":"https:\/\/www.artmapdesign.com\/en\/wp-json\/wp\/v2\/types\/product"}],"replies":[{"embeddable":true,"href":"https:\/\/www.artmapdesign.com\/en\/wp-json\/wp\/v2\/comments?post=630"}],"wp:featuredmedia":[{"embeddable":true,"href":"https:\/\/www.artmapdesign.com\/en\/wp-json\/wp\/v2\/media\/956"}],"wp:attachment":[{"href":"https:\/\/www.artmapdesign.com\/en\/wp-json\/wp\/v2\/media?parent=630"}],"wp:term":[{"taxonomy":"product_brand","embeddable":true,"href":"https:\/\/www.artmapdesign.com\/en\/wp-json\/wp\/v2\/product_brand?post=630"},{"taxonomy":"product_cat","embeddable":true,"href":"https:\/\/www.artmapdesign.com\/en\/wp-json\/wp\/v2\/product_cat?post=630"},{"taxonomy":"product_tag","embeddable":true,"href":"https:\/\/www.artmapdesign.com\/en\/wp-json\/wp\/v2\/product_tag?post=630"}],"curies":[{"name":"wp","href":"https:\/\/api.w.org\/{rel}","templated":true}]}}